{"id":2903,"date":"2019-02-04T23:54:42","date_gmt":"2019-02-04T15:54:42","guid":{"rendered":"https:\/\/yanchenwuguan.com\/privacy-policy\/"},"modified":"2024-07-18T14:27:05","modified_gmt":"2024-07-18T06:27:05","slug":"datenschutzrichtlinie","status":"publish","type":"page","link":"https:\/\/yanchenwuguan.com\/de\/privacy-policy\/","title":{"rendered":"Datenschutzrichtlinie"},"content":{"rendered":"<h2 class=\"wp-block-heading\">Allgemeine Bestimmungen<\/h2>\n\n\n\n<p>Diese Richtlinie zur Verarbeitung personenbezogener Daten wurde gem\u00e4\u00df den Anforderungen der DSGVO zu personenbezogenen Daten erstellt und definiert die Reihenfolge der Verarbeitung personenbezogener Daten sowie Ma\u00dfnahmen zur Gew\u00e4hrleistung der Sicherheit personenbezogener Daten im Traditionellen Shaolin Kung Fu-Lernzentrum von Meister Shi Yanchen (im Folgenden \u201eBetreiber\u201c).<\/p>\n\n\n\n<ol class=\"wp-block-list\"><li>Der Betreiber verfolgt bei der Verwirklichung seiner Aktivit\u00e4ten die Ziele, die Rechte und Freiheiten des Menschen und B\u00fcrgers bei der Verarbeitung personenbezogener Daten zu wahren, einschlie\u00dflich des Schutzes des Rechts auf Unverletzlichkeit des Privatlebens und der Privatsph\u00e4re von Personen und Familien.<\/li><li>Diese Richtlinie des Betreibers in Bezug auf die Verarbeitung personenbezogener Daten (im Folgenden \u201edie Richtlinie\u201c) gilt f\u00fcr alle Informationen, die der Betreiber \u00fcber Besucher unserer Website https:\/\/yanchenwuguan.com erh\u00e4lt.<\/li><\/ol>\n\n\n\n<h2 class=\"wp-block-heading\">Welche personenbezogenen Daten erheben wir und zu welchem Zweck<\/h2>\n\n\n\n<h3 class=\"wp-block-heading\">Kommentare<\/h3>\n\n\n\n<p>Wenn ein Besucher einen Kommentar auf der Website hinterl\u00e4sst, erfassen wir die im Kommentarformular angegebenen Daten sowie die IP-Adresse des Besuchers und die Daten des User-Agents des Browsers, um Spam zu erkennen.<\/p>\n\n\n\n<p>Aus Ihrer E-Mail-Adresse wird eine anonymisierte Zeichenfolge erstellt (\u201eHash\u201c), die dem Dienst Gravatar zur Verf\u00fcgung gestellt werden kann, um festzustellen, ob Sie diesen Dienst verwenden. Gravatars Datenschutzrichtlinie finden Sie hier: https:\/\/automattic.com\/privacy\/. Nach Freigabe des Kommentars ist Ihr Profilbild \u00f6ffentlich im Kontext Ihres Kommentars sichtbar.<\/p>\n\n\n\n<h3 class=\"wp-block-heading\">Medien<\/h3>\n\n\n\n<p>Wenn Sie ein registrierter Benutzer sind und Fotos auf die Site hochladen, sollten Sie das Hochladen von Bildern mit EXIF-Metadaten vermeiden, da diese Daten zu Ihrem Standort per GPS enthalten k\u00f6nnen. Besucher k\u00f6nnen diese Informationen abrufen, indem sie das Bild von der Site herunterladen.<\/p>\n\n\n\n<h3 class=\"wp-block-heading\">Kontakte<\/h3>\n\n\n\n<h3 class=\"wp-block-heading\">Kekse<\/h3>\n\n\n\n<p>Wenn Sie einen Kommentar auf unserer Website hinterlassen, k\u00f6nnen Sie die Speicherung Ihres Namens, Ihrer Adresse, E-Mail-Adresse und Website-Cookies aktivieren. Dies geschieht zu Ihrer Bequemlichkeit, damit Sie die Daten beim erneuten Kommentieren nicht erneut eingeben m\u00fcssen. Diese Cookies werden ein Jahr lang gespeichert.<\/p>\n\n\n\n<p>Wenn Sie \u00fcber ein Konto auf der Website verf\u00fcgen und sich dort anmelden, setzen wir ein tempor\u00e4res Cookie zur Ermittlung der Cookie-Unterst\u00fctzung in Ihrem Browser. Das Cookie enth\u00e4lt keine personenbezogenen Daten und wird gel\u00f6scht, wenn Sie Ihren Browser schlie\u00dfen.<\/p>\n\n\n\n<p>Wenn Sie sich bei Ihrem Konto anmelden, setzen wir auch einige Cookies f\u00fcr die Dateneingabe und Anzeigeeinstellungen. Anmelde-Cookies werden zwei Tage lang gespeichert, die Cookie-Einstellungen ein Jahr. Wenn Sie die Option \u201eAngemeldet bleiben\u201c w\u00e4hlen, werden die Anmeldedaten zwei Wochen lang gespeichert. Wenn Sie sich von Ihrem Konto abmelden, werden die Anmelde-Cookies gel\u00f6scht.<\/p>\n\n\n\n<p>Wenn Sie den Artikel im Browser bearbeiten oder ver\u00f6ffentlichen, wird ein zus\u00e4tzliches Cookie gespeichert, das keine personenbezogenen Daten enth\u00e4lt, sondern nur die ID des von Ihnen bearbeiteten Datensatzes enth\u00e4lt und nach einem Tag abl\u00e4uft.<\/p>\n\n\n\n<h3 class=\"wp-block-heading\">Eingebettete Inhalte anderer Websites<\/h3>\n\n\n\n<p>Die Artikel auf dieser Website k\u00f6nnen eingebettete Inhalte enthalten (z. B. Videos, Bilder, Artikel usw.). Diese Inhalte verhalten sich genauso, als ob der Besucher eine andere Site besucht.<\/p>\n\n\n\n<p>Diese Websites k\u00f6nnen Informationen \u00fcber Sie sammeln, Cookies verwenden, um zus\u00e4tzliches Tracking durch Dritte zu implementieren, um Ihre Interaktion mit eingebetteten Inhalten zu \u00fcberwachen, einschlie\u00dflich Tracking-Interaktionen, wenn Sie \u00fcber ein Konto verf\u00fcgen und bei der Website angemeldet sind.<\/p>\n\n\n\n<h3 class=\"wp-block-heading\">Netz Analyse<\/h3>\n\n\n\n<p>Wir verwenden nur verifizierte Webanalysedienste wie Yandex, Google, Facebook.<\/p>\n\n\n\n<h2 class=\"wp-block-heading\">Mit wem wir Ihre Informationen teilen<\/h2>\n\n\n\n<p>Wir verwenden die Daten nur, um die Servicequalit\u00e4t f\u00fcr Besucher zu verbessern. Daten werden nicht an Dritte verkauft oder weitergegeben. Dies ist sowohl f\u00fcr uns als auch f\u00fcr Sie wichtig, wenn Sie unsere Daten verwenden.<\/p>\n\n\n\n<h2 class=\"wp-block-heading\">Wie lange speichern wir Ihre Daten<\/h2>\n\n\n\n<p>Wenn Sie einen Kommentar hinterlassen, werden dieser und seine Metadaten auf unbestimmte Zeit gespeichert. Dies geschieht, um nachfolgende Kommentare automatisch zu ermitteln und freizugeben, anstatt sie zur Freigabe in eine Warteschlange zu stellen.<\/p>\n\n\n\n<p>F\u00fcr Benutzer, die sich auf unserer Website registrieren, speichern wir die pers\u00f6nlichen Informationen, die sie in ihrem Profil angeben. Alle Benutzer k\u00f6nnen ihre Profilinformationen jederzeit einsehen, bearbeiten oder l\u00f6schen (au\u00dfer dem Benutzernamen). Die Website-Administration kann diese Informationen ebenfalls einsehen und \u00e4ndern.<\/p>\n\n\n\n<h2 class=\"wp-block-heading\">Welche Rechte haben Sie an Ihren Daten<\/h2>\n\n\n\n<p>Wenn Sie ein Konto auf der Website haben oder Kommentare hinterlassen haben, k\u00f6nnen Sie eine Exportdatei der von uns \u00fcber Sie gespeicherten personenbezogenen Daten anfordern, einschlie\u00dflich der von Ihnen bereitgestellten Daten. Sie k\u00f6nnen auch die L\u00f6schung dieser Daten anfordern. Dies umfasst keine Informationen, die wir gesetzlich oder aus Sicherheitsgr\u00fcnden zu Verwaltungszwecken aufbewahren m\u00fcssen.<\/p>\n\n\n\n<h2 class=\"wp-block-heading\">Wohin wir Ihre Daten senden<\/h2>\n\n\n\n<p>Kommentare und andere vom Benutzer eingegebene Informationen k\u00f6nnen \u00fcberpr\u00fcft werden automatische Dienste Definition von Spam, sowie Service-Metriken wie Yandex, Google, Facebook<\/p>\n\n\n\n<h2 class=\"wp-block-heading\">Ihre Kontaktinformationen<\/h2>\n\n\n\n<p>hello@yanchenwuguan.com<\/p>\n\n\n\n<h2 class=\"wp-block-heading\">Weitere Informationen<\/h2>\n\n\n\n<h3 class=\"wp-block-heading\">So sch\u00fctzen wir Ihre Daten<\/h3>\n\n\n\n<h3 class=\"wp-block-heading\">Welche Ma\u00dfnahmen werden gegen das Hacken der Daten ergriffen?<\/h3>\n\n\n\n<p>Wir nutzen moderne Technologie und zeitnahe Software-Upgrades.<\/p>\n\n\n\n<h3 class=\"wp-block-heading\">Alle von uns erhaltenen Drittparteien<\/h3>\n\n\n\n<p>Die verarbeiteten Daten beziehen wir ausschlie\u00dflich aus den Servicemetriken.<\/p>\n\n\n\n<h3 class=\"wp-block-heading\">Welche automatischen Entscheidungen werden auf der Grundlage von Benutzerdaten getroffen?<\/h3>\n\n\n\n<p>Wir akzeptieren keine automatisierten Entscheidungen auf Basis von Benutzerdaten.<\/p>\n\n\n\n<h3 class=\"wp-block-heading\">Offenlegungspflichten f\u00fcr branchenspezifische Regelungen<\/h3>","protected":false},"excerpt":{"rendered":"<p>Allgemeine Bestimmungen Diese Richtlinie zur Verarbeitung personenbezogener Daten wurde gem\u00e4\u00df den Anforderungen der DSGVO zum Thema \u201epersonenbezogene Daten\u201c erstellt und definiert die Reihenfolge der Verarbeitung personenbezogener Daten sowie Ma\u00dfnahmen zur Gew\u00e4hrleistung der Sicherheit personenbezogener Daten des Traditionellen Shaolin-Kung-Fu-Lernzentrums von Meister Shi Yanchen (im Folgenden \u201eBetreiber\u201c). Der Betreiber\u2026<\/p>","protected":false},"author":1,"featured_media":0,"parent":0,"menu_order":99,"comment_status":"closed","ping_status":"open","template":"","meta":{"_kad_blocks_custom_css":"","_kad_blocks_head_custom_js":"","_kad_blocks_body_custom_js":"","_kad_blocks_footer_custom_js":"","_kad_post_transparent":"","_kad_post_title":"show","_kad_post_layout":"narrow","_kad_post_sidebar_id":"","_kad_post_content_style":"boxed","_kad_post_vertical_padding":"show","_kad_post_feature":"","_kad_post_feature_position":"","_kad_post_header":false,"_kad_post_footer":false,"_kad_post_classname":"","footnotes":""},"class_list":["post-2903","page","type-page","status-publish","hentry"],"taxonomy_info":[],"featured_image_src_large":false,"author_info":{"display_name":"Support","author_link":"https:\/\/yanchenwuguan.com\/de\/author\/administr\/"},"comment_info":0,"_links":{"self":[{"href":"https:\/\/yanchenwuguan.com\/de\/wp-json\/wp\/v2\/pages\/2903","targetHints":{"allow":["GET"]}}],"collection":[{"href":"https:\/\/yanchenwuguan.com\/de\/wp-json\/wp\/v2\/pages"}],"about":[{"href":"https:\/\/yanchenwuguan.com\/de\/wp-json\/wp\/v2\/types\/page"}],"author":[{"embeddable":true,"href":"https:\/\/yanchenwuguan.com\/de\/wp-json\/wp\/v2\/users\/1"}],"replies":[{"embeddable":true,"href":"https:\/\/yanchenwuguan.com\/de\/wp-json\/wp\/v2\/comments?post=2903"}],"version-history":[{"count":0,"href":"https:\/\/yanchenwuguan.com\/de\/wp-json\/wp\/v2\/pages\/2903\/revisions"}],"wp:attachment":[{"href":"https:\/\/yanchenwuguan.com\/de\/wp-json\/wp\/v2\/media?parent=2903"}],"curies":[{"name":"wp","href":"https:\/\/api.w.org\/{rel}","templated":true}]}}