{"id":2985,"date":"2021-01-08T22:13:07","date_gmt":"2021-01-08T14:13:07","guid":{"rendered":"https:\/\/yanchenwuguan.com\/registration\/"},"modified":"2024-07-18T14:26:17","modified_gmt":"2024-07-18T06:26:17","slug":"anmeldeformular","status":"publish","type":"page","link":"https:\/\/yanchenwuguan.com\/de\/registration-form\/","title":{"rendered":"Anmeldeformular"},"content":{"rendered":"<h3 class=\"wp-block-heading\">Lieber Student<\/h3>\n\n\n\n<p>Alle notwendigen Unterlagen hast du bereits von uns erhalten. Und du gehst in den n\u00e4chsten Tagen bereits mit uns zur Schule. Du schaust wahrscheinlich schon, was du alles mitbringen musst. Dazu kannst du dir den entsprechenden Artikel aus der <a href=\"https:\/\/yanchenwuguan.com\/de\/docs\/road\/\" data-type=\"docs\" data-id=\"3645\">Wissensdatenbank<\/a>.<\/p>\n\n\n\n<p>Auch wir m\u00fcssen uns vorbereiten. W\u00e4hlen Sie die Gr\u00f6\u00dfe des Formulars aus und beantragen Sie Ihre Registrierung, die nach chinesischem Recht erforderlich ist.<\/p>\n\n\n\n<p>Damit unser Treffen reibungslos verl\u00e4uft, geben Sie bitte Ihre pers\u00f6nlichen Daten ein.<\/p>","protected":false},"excerpt":{"rendered":"<p>Liebe Sch\u00fclerin, lieber Sch\u00fcler, du hast bereits alle notwendigen Unterlagen von uns erhalten. Und in den n\u00e4chsten Tagen gehst du bereits mit uns zur Schule. Du \u00fcberlegst wahrscheinlich schon, was du mitbringen sollst. Dazu kannst du dir den entsprechenden Artikel aus der Wissensdatenbank ansehen. Wir m\u00fcssen uns vorbereiten,\u2026<\/p>","protected":false},"author":1,"featured_media":2986,"parent":0,"menu_order":3,"comment_status":"closed","ping_status":"closed","template":"","meta":{"_kad_blocks_custom_css":"","_kad_blocks_head_custom_js":"","_kad_blocks_body_custom_js":"","_kad_blocks_footer_custom_js":"","_kad_post_transparent":"","_kad_post_title":"show","_kad_post_layout":"narrow","_kad_post_sidebar_id":"","_kad_post_content_style":"boxed","_kad_post_vertical_padding":"show","_kad_post_feature":"","_kad_post_feature_position":"","_kad_post_header":false,"_kad_post_footer":false,"_kad_post_classname":"","footnotes":""},"class_list":["post-2985","page","type-page","status-publish","has-post-thumbnail","hentry"],"taxonomy_info":[],"featured_image_src_large":["https:\/\/yanchenwuguan.com\/wp-content\/uploads\/2024\/01\/yanchenwuguan-registration-in-shaolin-school-1-1024x576.jpg",1024,576,true],"author_info":{"display_name":"Support","author_link":"https:\/\/yanchenwuguan.com\/de\/author\/administr\/"},"comment_info":0,"_links":{"self":[{"href":"https:\/\/yanchenwuguan.com\/de\/wp-json\/wp\/v2\/pages\/2985","targetHints":{"allow":["GET"]}}],"collection":[{"href":"https:\/\/yanchenwuguan.com\/de\/wp-json\/wp\/v2\/pages"}],"about":[{"href":"https:\/\/yanchenwuguan.com\/de\/wp-json\/wp\/v2\/types\/page"}],"author":[{"embeddable":true,"href":"https:\/\/yanchenwuguan.com\/de\/wp-json\/wp\/v2\/users\/1"}],"replies":[{"embeddable":true,"href":"https:\/\/yanchenwuguan.com\/de\/wp-json\/wp\/v2\/comments?post=2985"}],"version-history":[{"count":0,"href":"https:\/\/yanchenwuguan.com\/de\/wp-json\/wp\/v2\/pages\/2985\/revisions"}],"wp:featuredmedia":[{"embeddable":true,"href":"https:\/\/yanchenwuguan.com\/de\/wp-json\/wp\/v2\/media\/2986"}],"wp:attachment":[{"href":"https:\/\/yanchenwuguan.com\/de\/wp-json\/wp\/v2\/media?parent=2985"}],"curies":[{"name":"wp","href":"https:\/\/api.w.org\/{rel}","templated":true}]}}