{"id":2987,"date":"2021-09-30T07:10:03","date_gmt":"2021-09-29T23:10:03","guid":{"rendered":"https:\/\/yanchenwuguan.com\/refund-policy\/"},"modified":"2026-04-17T19:03:35","modified_gmt":"2026-04-17T11:03:35","slug":"ruckgaberecht","status":"publish","type":"page","link":"https:\/\/yanchenwuguan.com\/de\/refund-policy\/","title":{"rendered":"R\u00fcckgaberecht"},"content":{"rendered":"<h2 class=\"wp-block-heading\">Einzahlungsrichtlinien<\/h2>\n\n\n\n<p>Die Zahlung der Buchungsanzahlung erfolgt durch \u00dcberweisung auf unser offizielles PayPal-Konto in H\u00f6he von <a href=\"https:\/\/www.paypal.com\/paypalme\/yanchenwuguan\/100\" data-type=\"URL\" data-id=\"https:\/\/www.paypal.com\/paypalme\/yanchenwuguan\/100\" target=\"_blank\" rel=\"noreferrer noopener nofollow\">100 USD<\/a>.<\/p>\n\n\n\n<p>Die Buchungsanzahlung garantiert Ihnen:<\/p>\n\n\n\n<ul class=\"wp-block-list\">\n<li>1 Bettreservierung,<\/li>\n\n\n\n<li>email Unterst\u00fctzung, <\/li>\n\n\n\n<li>Erstellen einer Einladung f\u00fcr das Konsulat.<\/li>\n<\/ul>\n\n\n\n<p>Die Anzahlung ist nicht r\u00fcckerstattbar, jedoch ein Jahr lang bis zum 31. Dezember des Zahlungsjahres g\u00fcltig, mit der M\u00f6glichkeit einer \u00c4nderung des Anreisedatums.<\/p>\n\n\n\n<p><span style=\"text-decoration: underline;\">Beispiel 1:<\/span> Sie hatten geplant, am 1. August 2023 zu uns zu kommen und haben eine Anzahlung geleistet. Ihre Pl\u00e4ne haben sich ge\u00e4ndert und Sie m\u00f6chten das Datum auf den 1. September 2023 verschieben.  <\/p>\n\n\n\n<p><span style=\"text-decoration: underline;\">Antwort<\/span>: Kein Problem, wenn Sie uns 2 Wochen im Voraus Bescheid geben, m\u00fcssen Sie die Anzahlung nicht erneut bezahlen. Dar\u00fcber hinaus k\u00f6nnen Sie das Datum beliebig oft \u00e4ndern, solange das Ankunftsdatum vor dem 31. Dezember 2023 liegt. <\/p>\n\n\n\n<p><span style=\"text-decoration: underline;\">Beispiel 2<\/span>: Sie hatten geplant, am 1. August 2023 zu uns zu kommen und haben die Anzahlung geleistet. Ihre Pl\u00e4ne haben sich ge\u00e4ndert und Sie m\u00f6chten das Datum auf den 1. August 2024 verschieben. <\/p>\n\n\n\n<p><span style=\"text-decoration: underline;\">Antwort<\/span>: In diesem Fall m\u00fcssen Sie im Jahr 2024 eine neue Buchung vornehmen und eine neue Anzahlung leisten. <\/p>\n\n\n\n<h2 class=\"wp-block-heading\">Stornierungsbedingungen<\/h2>\n\n\n\n<p>Alle geleisteten Zahlungen, einschlie\u00dflich der Anzahlung, sind nicht erstattungsf\u00e4hig. Die Zahlung best\u00e4tigt die Reservierung Ihres Platzes und die Organisation Ihrer Teilnahme am Programm, daher werden unabh\u00e4ngig von den Umst\u00e4nden einer Stornierung keine R\u00fcckerstattungen gew\u00e4hrt.<\/p>","protected":false},"excerpt":{"rendered":"<p>Deposit policies Payment of the booking deposit is made by transferring to our official PayPal account the sum of 100USD. The booking deposit guarantees you: The deposit is non-refundable, but is valid for one year until December 31 of the year of payment, with the possibility of changing the date of arrival. Example 1: You&#8230;<\/p>","protected":false},"author":1,"featured_media":0,"parent":0,"menu_order":99,"comment_status":"closed","ping_status":"open","template":"","meta":{"_kad_blocks_custom_css":"","_kad_blocks_head_custom_js":"","_kad_blocks_body_custom_js":"","_kad_blocks_footer_custom_js":"","_kad_post_transparent":"","_kad_post_title":"show","_kad_post_layout":"narrow","_kad_post_sidebar_id":"","_kad_post_content_style":"boxed","_kad_post_vertical_padding":"show","_kad_post_feature":"","_kad_post_feature_position":"","_kad_post_header":false,"_kad_post_footer":false,"_kad_post_classname":"","footnotes":""},"class_list":["post-2987","page","type-page","status-publish","hentry"],"taxonomy_info":[],"featured_image_src_large":false,"author_info":{"display_name":"Support","author_link":"https:\/\/yanchenwuguan.com\/de\/author\/administr\/"},"comment_info":0,"_links":{"self":[{"href":"https:\/\/yanchenwuguan.com\/de\/wp-json\/wp\/v2\/pages\/2987","targetHints":{"allow":["GET"]}}],"collection":[{"href":"https:\/\/yanchenwuguan.com\/de\/wp-json\/wp\/v2\/pages"}],"about":[{"href":"https:\/\/yanchenwuguan.com\/de\/wp-json\/wp\/v2\/types\/page"}],"author":[{"embeddable":true,"href":"https:\/\/yanchenwuguan.com\/de\/wp-json\/wp\/v2\/users\/1"}],"replies":[{"embeddable":true,"href":"https:\/\/yanchenwuguan.com\/de\/wp-json\/wp\/v2\/comments?post=2987"}],"version-history":[{"count":2,"href":"https:\/\/yanchenwuguan.com\/de\/wp-json\/wp\/v2\/pages\/2987\/revisions"}],"predecessor-version":[{"id":14191,"href":"https:\/\/yanchenwuguan.com\/de\/wp-json\/wp\/v2\/pages\/2987\/revisions\/14191"}],"wp:attachment":[{"href":"https:\/\/yanchenwuguan.com\/de\/wp-json\/wp\/v2\/media?parent=2987"}],"curies":[{"name":"wp","href":"https:\/\/api.w.org\/{rel}","templated":true}]}}