{"id":2903,"date":"2019-02-04T23:54:42","date_gmt":"2019-02-04T15:54:42","guid":{"rendered":"https:\/\/yanchenwuguan.com\/privacy-policy\/"},"modified":"2024-07-18T14:27:05","modified_gmt":"2024-07-18T06:27:05","slug":"politica-de-privacidad","status":"publish","type":"page","link":"https:\/\/yanchenwuguan.com\/es\/privacy-policy\/","title":{"rendered":"Pol\u00edtica de privacidad"},"content":{"rendered":"<h2 class=\"wp-block-heading\">Provisiones generales<\/h2>\n\n\n\n<p>Esta pol\u00edtica de procesamiento de datos personales se elabora de acuerdo con los requisitos del RGPD \u201cSobre datos personales\u201d y define el orden de procesamiento de datos personales y las medidas para garantizar la seguridad de los datos personales Centro de aprendizaje de kung fu tradicional Shaolin del maestro Shi Yanchen (en adelante - el operador).<\/p>\n\n\n\n<ol class=\"wp-block-list\"><li>El operador tiene como objetivo y en la realizaci\u00f3n de sus actividades los derechos y libertades del hombre y del ciudadano durante el procesamiento de datos personales, incluida la protecci\u00f3n de los derechos a la inviolabilidad de la vida privada y la privacidad personal y familiar.<\/li><li>Esta pol\u00edtica del Operador en relaci\u00f3n con el procesamiento de datos personales (en adelante, la Pol\u00edtica) se aplica a toda la informaci\u00f3n que el Operador pueda obtener sobre los visitantes de nuestro sitio web https:\/\/yanchenwuguan.com.<\/li><\/ol>\n\n\n\n<h2 class=\"wp-block-heading\">Qu\u00e9 informaci\u00f3n personal recopilamos y con qu\u00e9 finalidad<\/h2>\n\n\n\n<h3 class=\"wp-block-heading\">Comentarios<\/h3>\n\n\n\n<p>Si un visitante deja un comentario en el sitio web, recopilamos los datos especificados en el formulario de comentarios, as\u00ed como la direcci\u00f3n IP del visitante y los datos del agente de usuario del navegador para determinar el spam.<\/p>\n\n\n\n<p>Se puede proporcionar una cadena an\u00f3nima que se crea a partir de su direcci\u00f3n de correo electr\u00f3nico (\u201chash\u201d) al servicio Gravatar para determinar si lo est\u00e1 utilizando. La pol\u00edtica de privacidad de Gravatar est\u00e1 disponible aqu\u00ed: https:\/\/automattic.com\/privacy\/. Despu\u00e9s de la aprobaci\u00f3n del comentario, su foto de perfil ser\u00e1 visible p\u00fablicamente en el contexto de su comentario.<\/p>\n\n\n\n<h3 class=\"wp-block-heading\">Medios de comunicaci\u00f3n<\/h3>\n\n\n\n<p>Si es un usuario registrado y sube fotos al sitio, es posible que desee evitar cargar im\u00e1genes con metadatos EXIF, ya que pueden contener datos de su ubicaci\u00f3n por GPS. Los visitantes pueden recuperar esta informaci\u00f3n descargando la imagen del sitio.<\/p>\n\n\n\n<h3 class=\"wp-block-heading\">Contactos<\/h3>\n\n\n\n<h3 class=\"wp-block-heading\">Galletas<\/h3>\n\n\n\n<p>Si deja un comentario en nuestro sitio web, puede habilitar el almacenamiento de su nombre, direcci\u00f3n, correo electr\u00f3nico y cookies del sitio web. Esto se hace para tu comodidad, no para volver a completar los datos al volver a comentar. Estas cookies se almacenan durante un a\u00f1o.<\/p>\n\n\n\n<p>Si tiene una cuenta en el sitio web y la ingresa, configuramos una cookie temporal para determinar la compatibilidad con cookies en su navegador, la cookie no contiene informaci\u00f3n personal y se elimina cuando cierra su navegador.<\/p>\n\n\n\n<p>Cuando inicia sesi\u00f3n en su cuenta, tambi\u00e9n configuramos algunas cookies para la entrada de datos y la configuraci\u00f3n de visualizaci\u00f3n. Las cookies de inicio de sesi\u00f3n se almacenan durante dos d\u00edas, la pantalla de configuraci\u00f3n de cookies un a\u00f1o. Si elige &quot;Recordarme&quot;, los datos de inicio de sesi\u00f3n se almacenar\u00e1n durante dos semanas. Cuando salga de su cuenta, se eliminar\u00e1n las cookies de inicio de sesi\u00f3n.<\/p>\n\n\n\n<p>Cuando edites o publiques el art\u00edculo en el navegador se guardar\u00e1n cookies adicionales que no contienen datos personales y contienen solo el ID del registro que editaste, caduca despu\u00e9s de 1 d\u00eda.<\/p>\n\n\n\n<h3 class=\"wp-block-heading\">Contenido incrustado de otros sitios web.<\/h3>\n\n\n\n<p>Los art\u00edculos de este sitio web pueden incluir contenido incrustado (por ejemplo, videos, im\u00e1genes, art\u00edculos, etc.), dicho contenido se comporta igual que si el visitante visitara otro sitio.<\/p>\n\n\n\n<p>Estos sitios pueden recopilar informaci\u00f3n sobre usted, utilizar cookies para implementar un seguimiento adicional de terceros para monitorear su interacci\u00f3n con el contenido incrustado, incluido el seguimiento de interacciones, si tiene una cuenta y ha iniciado sesi\u00f3n en el sitio.<\/p>\n\n\n\n<h3 class=\"wp-block-heading\">analista de la red<\/h3>\n\n\n\n<p>Utilizamos \u00fanicamente servicios de an\u00e1lisis web verificados como Yandex, Google, Facebook.<\/p>\n\n\n\n<h2 class=\"wp-block-heading\">Con qui\u00e9n compartimos tu informaci\u00f3n<\/h2>\n\n\n\n<p>Utilizamos datos s\u00f3lo para mejorar la calidad del servicio de los visitantes. Los datos a terceros no se venden ni se divulgan. Es importante tanto para nosotros como si estuviera utilizando nuestros datos.<\/p>\n\n\n\n<h2 class=\"wp-block-heading\">\u00bfCu\u00e1nto tiempo conservamos tus datos?<\/h2>\n\n\n\n<p>Si deja un comentario, el comentario y sus metadatos se almacenan indefinidamente. Esto se hace para determinar y aprobar comentarios posteriores autom\u00e1ticamente, en lugar de colocarlos en una cola para su aprobaci\u00f3n.<\/p>\n\n\n\n<p>Para los usuarios que se registran en nuestro sitio web, almacenamos la informaci\u00f3n personal que indican en su perfil. Todos los usuarios pueden ver, editar o eliminar la informaci\u00f3n de su perfil en cualquier momento (excepto el nombre de usuario). La administraci\u00f3n del sitio web tambi\u00e9n puede ver y cambiar esta informaci\u00f3n.<\/p>\n\n\n\n<h2 class=\"wp-block-heading\">\u00bfQu\u00e9 derechos tienes sobre tus datos?<\/h2>\n\n\n\n<p>Si tiene una cuenta en el sitio web o si dej\u00f3 comentarios, puede solicitar un archivo de exportaci\u00f3n de los datos personales que hemos almacenado sobre usted, incluidos los datos que usted proporciona. Tambi\u00e9n puede solicitar la eliminaci\u00f3n de estos datos que no incluyen informaci\u00f3n que estamos obligados a conservar con fines administrativos por ley o por razones de seguridad.<\/p>\n\n\n\n<h2 class=\"wp-block-heading\">D\u00f3nde enviamos tus datos<\/h2>\n\n\n\n<p>Los comentarios y otra informaci\u00f3n ingresada por el usuario se pueden verificar servicios de definici\u00f3n autom\u00e1tica de spam, as\u00ed como m\u00e9tricas de servicios como Yandex, Google, Facebook<\/p>\n\n\n\n<h2 class=\"wp-block-heading\">Tu informaci\u00f3n de contacto<\/h2>\n\n\n\n<p>hello@yanchenwuguan.com<\/p>\n\n\n\n<h2 class=\"wp-block-heading\">Informaci\u00f3n adicional<\/h2>\n\n\n\n<h3 class=\"wp-block-heading\">C\u00f3mo protegemos tus datos<\/h3>\n\n\n\n<h3 class=\"wp-block-heading\">\u00bfQu\u00e9 procedimientos se toman contra la pirater\u00eda de datos?<\/h3>\n\n\n\n<p>Utilizamos tecnolog\u00eda moderna y actualizaciones de software oportunas.<\/p>\n\n\n\n<h3 class=\"wp-block-heading\">Cualquier tercero que obtengamos<\/h3>\n\n\n\n<p>Obtenemos los datos procesados \u00fanicamente de las m\u00e9tricas de los servicios.<\/p>\n\n\n\n<h3 class=\"wp-block-heading\">Qu\u00e9 decisiones autom\u00e1ticas se toman en base a los datos del usuario<\/h3>\n\n\n\n<p>No aceptamos decisiones automatizadas basadas en los datos del usuario.<\/p>\n\n\n\n<h3 class=\"wp-block-heading\">Requisitos de divulgaci\u00f3n para regulaciones espec\u00edficas de la industria<\/h3>","protected":false},"excerpt":{"rendered":"<p>Disposiciones generales Esta pol\u00edtica de procesamiento de datos personales se elabora de acuerdo con los requisitos del RGPD &quot;Sobre datos personales&quot; y define el orden de procesamiento de datos personales y las medidas para garantizar la seguridad de los datos personales Centro de aprendizaje de kung fu tradicional Shaolin del maestro Shi Yanchen (en adelante \u2013 el Operador). El operador\u2026<\/p>","protected":false},"author":1,"featured_media":0,"parent":0,"menu_order":99,"comment_status":"closed","ping_status":"open","template":"","meta":{"_kad_blocks_custom_css":"","_kad_blocks_head_custom_js":"","_kad_blocks_body_custom_js":"","_kad_blocks_footer_custom_js":"","_kad_post_transparent":"","_kad_post_title":"show","_kad_post_layout":"narrow","_kad_post_sidebar_id":"","_kad_post_content_style":"boxed","_kad_post_vertical_padding":"show","_kad_post_feature":"","_kad_post_feature_position":"","_kad_post_header":false,"_kad_post_footer":false,"_kad_post_classname":"","footnotes":""},"class_list":["post-2903","page","type-page","status-publish","hentry"],"taxonomy_info":[],"featured_image_src_large":false,"author_info":{"display_name":"Support","author_link":"https:\/\/yanchenwuguan.com\/es\/author\/administr\/"},"comment_info":0,"_links":{"self":[{"href":"https:\/\/yanchenwuguan.com\/es\/wp-json\/wp\/v2\/pages\/2903","targetHints":{"allow":["GET"]}}],"collection":[{"href":"https:\/\/yanchenwuguan.com\/es\/wp-json\/wp\/v2\/pages"}],"about":[{"href":"https:\/\/yanchenwuguan.com\/es\/wp-json\/wp\/v2\/types\/page"}],"author":[{"embeddable":true,"href":"https:\/\/yanchenwuguan.com\/es\/wp-json\/wp\/v2\/users\/1"}],"replies":[{"embeddable":true,"href":"https:\/\/yanchenwuguan.com\/es\/wp-json\/wp\/v2\/comments?post=2903"}],"version-history":[{"count":0,"href":"https:\/\/yanchenwuguan.com\/es\/wp-json\/wp\/v2\/pages\/2903\/revisions"}],"wp:attachment":[{"href":"https:\/\/yanchenwuguan.com\/es\/wp-json\/wp\/v2\/media?parent=2903"}],"curies":[{"name":"Gracias","href":"https:\/\/api.w.org\/{rel}","templated":true}]}}