{"id":2985,"date":"2021-01-08T22:13:07","date_gmt":"2021-01-08T14:13:07","guid":{"rendered":"https:\/\/yanchenwuguan.com\/registration\/"},"modified":"2024-07-18T14:26:17","modified_gmt":"2024-07-18T06:26:17","slug":"formulario-de-inscripcion","status":"publish","type":"page","link":"https:\/\/yanchenwuguan.com\/es\/registration-form\/","title":{"rendered":"Formulario de inscripci\u00f3n"},"content":{"rendered":"<h3 class=\"wp-block-heading\">Estimado estudiante<\/h3>\n\n\n\n<p>Ya has recibido todos los documentos necesarios de nuestra parte y en los pr\u00f3ximos d\u00edas ir\u00e1s a la escuela con nosotros. Probablemente ya est\u00e9s pensando qu\u00e9 llevar contigo. Para ello, puedes consultar el art\u00edculo correspondiente de la p\u00e1gina web. <a href=\"https:\/\/yanchenwuguan.com\/es\/docs\/road\/\" data-type=\"docs\" data-id=\"3645\">base de conocimientos<\/a>.<\/p>\n\n\n\n<p>Tambi\u00e9n debemos prepararnos. Elija el tama\u00f1o del formulario y solicite su registro, tal como lo exige la ley china.<\/p>\n\n\n\n<p>Por favor, rellene sus datos personales para que nuestra reuni\u00f3n se desarrolle sin problemas.<\/p>","protected":false},"excerpt":{"rendered":"<p>Estimado estudiante, ya has recibido todos los documentos necesarios. Y empezar\u00e1s a estudiar con nosotros en los pr\u00f3ximos d\u00edas. Probablemente ya est\u00e9s pensando qu\u00e9 traer. Para ello, puedes consultar el art\u00edculo correspondiente en la base de conocimientos. Tenemos que prepararnos\u2026<\/p>","protected":false},"author":1,"featured_media":2986,"parent":0,"menu_order":3,"comment_status":"closed","ping_status":"closed","template":"","meta":{"_kad_blocks_custom_css":"","_kad_blocks_head_custom_js":"","_kad_blocks_body_custom_js":"","_kad_blocks_footer_custom_js":"","_kad_post_transparent":"","_kad_post_title":"show","_kad_post_layout":"narrow","_kad_post_sidebar_id":"","_kad_post_content_style":"boxed","_kad_post_vertical_padding":"show","_kad_post_feature":"","_kad_post_feature_position":"","_kad_post_header":false,"_kad_post_footer":false,"_kad_post_classname":"","footnotes":""},"class_list":["post-2985","page","type-page","status-publish","has-post-thumbnail","hentry"],"taxonomy_info":[],"featured_image_src_large":["https:\/\/yanchenwuguan.com\/wp-content\/uploads\/2024\/01\/yanchenwuguan-registration-in-shaolin-school-1-1024x576.jpg",1024,576,true],"author_info":{"display_name":"Support","author_link":"https:\/\/yanchenwuguan.com\/es\/author\/administr\/"},"comment_info":0,"_links":{"self":[{"href":"https:\/\/yanchenwuguan.com\/es\/wp-json\/wp\/v2\/pages\/2985","targetHints":{"allow":["GET"]}}],"collection":[{"href":"https:\/\/yanchenwuguan.com\/es\/wp-json\/wp\/v2\/pages"}],"about":[{"href":"https:\/\/yanchenwuguan.com\/es\/wp-json\/wp\/v2\/types\/page"}],"author":[{"embeddable":true,"href":"https:\/\/yanchenwuguan.com\/es\/wp-json\/wp\/v2\/users\/1"}],"replies":[{"embeddable":true,"href":"https:\/\/yanchenwuguan.com\/es\/wp-json\/wp\/v2\/comments?post=2985"}],"version-history":[{"count":0,"href":"https:\/\/yanchenwuguan.com\/es\/wp-json\/wp\/v2\/pages\/2985\/revisions"}],"wp:featuredmedia":[{"embeddable":true,"href":"https:\/\/yanchenwuguan.com\/es\/wp-json\/wp\/v2\/media\/2986"}],"wp:attachment":[{"href":"https:\/\/yanchenwuguan.com\/es\/wp-json\/wp\/v2\/media?parent=2985"}],"curies":[{"name":"Gracias","href":"https:\/\/api.w.org\/{rel}","templated":true}]}}