{"id":2987,"date":"2021-09-30T07:10:03","date_gmt":"2021-09-29T23:10:03","guid":{"rendered":"https:\/\/yanchenwuguan.com\/refund-policy\/"},"modified":"2026-04-17T19:03:35","modified_gmt":"2026-04-17T11:03:35","slug":"politica-de-reembolso","status":"publish","type":"page","link":"https:\/\/yanchenwuguan.com\/es\/refund-policy\/","title":{"rendered":"Politica de reembolso"},"content":{"rendered":"<h2 class=\"wp-block-heading\">Pol\u00edticas de dep\u00f3sito<\/h2>\n\n\n\n<p>El pago del dep\u00f3sito de reserva se realiza mediante la transferencia a nuestra cuenta oficial de PayPal de la suma de <a href=\"https:\/\/www.paypal.com\/paypalme\/yanchenwuguan\/100\" data-type=\"URL\" data-id=\"https:\/\/www.paypal.com\/paypalme\/yanchenwuguan\/100\" target=\"_blank\" rel=\"noreferrer noopener nofollow\">100USD<\/a>.<\/p>\n\n\n\n<p>El dep\u00f3sito de reserva le garantiza:<\/p>\n\n\n\n<ul class=\"wp-block-list\">\n<li>reserva de 1 cama,<\/li>\n\n\n\n<li>Soporte de correo electr\u00f3nico, <\/li>\n\n\n\n<li>redactar una invitaci\u00f3n para el consulado.<\/li>\n<\/ul>\n\n\n\n<p>El dep\u00f3sito no es reembolsable, pero tiene una vigencia de un a\u00f1o hasta el 31 de diciembre del a\u00f1o de pago, con posibilidad de cambiar la fecha de llegada.<\/p>\n\n\n\n<p><span style=\"text-decoration: underline;\">Ejemplo 1:<\/span> Planeaba venir a nosotros el 1 de agosto de 2023 y pag\u00f3 un dep\u00f3sito. Tus planes han cambiado y quieres cambiar la fecha al 1 de septiembre de 2023.  <\/p>\n\n\n\n<p><span style=\"text-decoration: underline;\">Respuesta<\/span>: No hay problema, si nos avisas con 2 semanas de antelaci\u00f3n no tendr\u00e1s que volver a pagar el dep\u00f3sito. Adem\u00e1s, podr\u00e1s cambiar la fecha tantas veces como quieras siempre y cuando la fecha de llegada sea anterior al 31 de diciembre de 2023. <\/p>\n\n\n\n<p><span style=\"text-decoration: underline;\">Ejemplo 2<\/span>: Planeaba venir a vernos el 1 de agosto de 2023 y pag\u00f3 el dep\u00f3sito. Tus planes han cambiado y quieres cambiar la fecha al 1 de agosto de 2024. <\/p>\n\n\n\n<p><span style=\"text-decoration: underline;\">Respuesta<\/span>: En ese caso, cuando llegue el a\u00f1o 2024, tendr\u00e1s que realizar una nueva reserva y pagar un nuevo dep\u00f3sito. <\/p>\n\n\n\n<h2 class=\"wp-block-heading\">Pol\u00edticas de cancelaci\u00f3n<\/h2>\n\n\n\n<p>Todos los pagos realizados, incluido el dep\u00f3sito, no son reembolsables. El pago confirma la reserva de tu plaza y la organizaci\u00f3n de tu participaci\u00f3n en el programa, por lo que no se ofrecen reembolsos independientemente de las circunstancias de cancelaci\u00f3n.<\/p>","protected":false},"excerpt":{"rendered":"<p>Deposit policies Payment of the booking deposit is made by transferring to our official PayPal account the sum of 100USD. The booking deposit guarantees you: The deposit is non-refundable, but is valid for one year until December 31 of the year of payment, with the possibility of changing the date of arrival. Example 1: You&#8230;<\/p>","protected":false},"author":1,"featured_media":0,"parent":0,"menu_order":99,"comment_status":"closed","ping_status":"open","template":"","meta":{"_kad_blocks_custom_css":"","_kad_blocks_head_custom_js":"","_kad_blocks_body_custom_js":"","_kad_blocks_footer_custom_js":"","_kad_post_transparent":"","_kad_post_title":"show","_kad_post_layout":"narrow","_kad_post_sidebar_id":"","_kad_post_content_style":"boxed","_kad_post_vertical_padding":"show","_kad_post_feature":"","_kad_post_feature_position":"","_kad_post_header":false,"_kad_post_footer":false,"_kad_post_classname":"","footnotes":""},"class_list":["post-2987","page","type-page","status-publish","hentry"],"taxonomy_info":[],"featured_image_src_large":false,"author_info":{"display_name":"Support","author_link":"https:\/\/yanchenwuguan.com\/es\/author\/administr\/"},"comment_info":0,"_links":{"self":[{"href":"https:\/\/yanchenwuguan.com\/es\/wp-json\/wp\/v2\/pages\/2987","targetHints":{"allow":["GET"]}}],"collection":[{"href":"https:\/\/yanchenwuguan.com\/es\/wp-json\/wp\/v2\/pages"}],"about":[{"href":"https:\/\/yanchenwuguan.com\/es\/wp-json\/wp\/v2\/types\/page"}],"author":[{"embeddable":true,"href":"https:\/\/yanchenwuguan.com\/es\/wp-json\/wp\/v2\/users\/1"}],"replies":[{"embeddable":true,"href":"https:\/\/yanchenwuguan.com\/es\/wp-json\/wp\/v2\/comments?post=2987"}],"version-history":[{"count":2,"href":"https:\/\/yanchenwuguan.com\/es\/wp-json\/wp\/v2\/pages\/2987\/revisions"}],"predecessor-version":[{"id":14191,"href":"https:\/\/yanchenwuguan.com\/es\/wp-json\/wp\/v2\/pages\/2987\/revisions\/14191"}],"wp:attachment":[{"href":"https:\/\/yanchenwuguan.com\/es\/wp-json\/wp\/v2\/media?parent=2987"}],"curies":[{"name":"Gracias","href":"https:\/\/api.w.org\/{rel}","templated":true}]}}