{"id":2903,"date":"2019-02-04T23:54:42","date_gmt":"2019-02-04T15:54:42","guid":{"rendered":"https:\/\/yanchenwuguan.com\/privacy-policy\/"},"modified":"2024-07-18T14:27:05","modified_gmt":"2024-07-18T06:27:05","slug":"politique-de-confidentialite","status":"publish","type":"page","link":"https:\/\/yanchenwuguan.com\/fr\/privacy-policy\/","title":{"rendered":"Politique de confidentialit\u00e9"},"content":{"rendered":"<h2 class=\"wp-block-heading\">Dispositions g\u00e9n\u00e9rales<\/h2>\n\n\n\n<p>Cette politique de traitement des donn\u00e9es personnelles \u00e9labor\u00e9e conform\u00e9ment aux exigences du RGPD \u00ab\u00a0Sur les donn\u00e9es personnelles\u00a0\u00bb et d\u00e9finit l&#039;ordre de traitement des donn\u00e9es personnelles et les mesures visant \u00e0 assurer la s\u00e9curit\u00e9 des donn\u00e9es personnelles Centre d&#039;apprentissage du kung-fu traditionnel Shaolin du ma\u00eetre Shi Yanchen (ci-apr\u00e8s - l&#039;op\u00e9rateur).<\/p>\n\n\n\n<ol class=\"wp-block-list\"><li>L&#039;op\u00e9rateur vise et la r\u00e9alisation de ses activit\u00e9s les droits et libert\u00e9s de l&#039;homme et du citoyen lors du traitement des donn\u00e9es personnelles, y compris la protection des droits \u00e0 l&#039;inviolabilit\u00e9 de la vie priv\u00e9e, de la vie priv\u00e9e personnelle et familiale.<\/li><li>Cette politique de l&#039;Op\u00e9rateur concernant le traitement des donn\u00e9es personnelles (ci-apr\u00e8s \u2013 la Politique) s&#039;applique \u00e0 toutes les informations que l&#039;Op\u00e9rateur peut obtenir sur les visiteurs de notre site Web https:\/\/yanchenwuguan.com.<\/li><\/ol>\n\n\n\n<h2 class=\"wp-block-heading\">Quelles informations personnelles collectons-nous et dans quel but<\/h2>\n\n\n\n<h3 class=\"wp-block-heading\">commentaires<\/h3>\n\n\n\n<p>Si un visiteur laisse un commentaire sur le site Web, nous collectons les donn\u00e9es sp\u00e9cifi\u00e9es dans le formulaire de commentaire, ainsi que l&#039;adresse IP du visiteur et les donn\u00e9es de l&#039;agent utilisateur du navigateur pour d\u00e9terminer le spam.<\/p>\n\n\n\n<p>Une cha\u00eene anonymis\u00e9e cr\u00e9\u00e9e \u00e0 partir de votre adresse e-mail (\u00ab hachage \u00bb) peut \u00eatre fournie au service Gravatar, afin de d\u00e9terminer si vous l&#039;utilisez. La politique de confidentialit\u00e9 de Gravatar est disponible ici : https:\/\/automattic.com\/privacy\/ . Apr\u00e8s approbation du commentaire, votre photo de profil sera visible publiquement dans le contexte de votre commentaire.<\/p>\n\n\n\n<h3 class=\"wp-block-heading\">M\u00e9dias<\/h3>\n\n\n\n<p>Si vous \u00eates un utilisateur enregistr\u00e9 et t\u00e9l\u00e9chargez des photos sur le site, vous souhaiterez peut-\u00eatre \u00e9viter de t\u00e9l\u00e9charger des images avec des m\u00e9tadonn\u00e9es EXIF, car elles peuvent contenir des donn\u00e9es sur votre localisation par GPS. Les visiteurs peuvent r\u00e9cup\u00e9rer ces informations en t\u00e9l\u00e9chargeant l&#039;image depuis le site.<\/p>\n\n\n\n<h3 class=\"wp-block-heading\">Contacts<\/h3>\n\n\n\n<h3 class=\"wp-block-heading\">Biscuits<\/h3>\n\n\n\n<p>Si vous laissez un commentaire sur notre site Web, vous pouvez activer l&#039;enregistrement de votre nom, de votre adresse, de votre e-mail et des cookies du site Web. Ceci est fait pour votre commodit\u00e9, et non pour remplir \u00e0 nouveau les donn\u00e9es lors d&#039;un nouveau commentaire. Ces cookies sont conserv\u00e9s pendant un an.<\/p>\n\n\n\n<p>Si vous avez un compte sur le site Web et que vous le saisissez, nous d\u00e9finissons un cookie temporaire pour d\u00e9terminer la prise en charge des cookies dans votre navigateur, le cookie ne contient aucune information personnelle et est supprim\u00e9 lorsque vous fermez votre navigateur.<\/p>\n\n\n\n<p>Lorsque vous vous connectez \u00e0 votre compte, nous d\u00e9finissons \u00e9galement certains cookies pour les param\u00e8tres de saisie et d&#039;affichage des donn\u00e9es. Les cookies de connexion sont stock\u00e9s pendant deux jours, l&#039;ann\u00e9e de l&#039;\u00e9cran de configuration des cookies. Si vous choisissez \u00ab Se souvenir de moi \u00bb, les donn\u00e9es de connexion seront conserv\u00e9es pendant deux semaines. Lorsque vous quitterez votre compte, la connexion aux cookies sera supprim\u00e9e.<\/p>\n\n\n\n<p>Lorsque vous modifiez ou publiez l&#039;article dans le navigateur, des cookies suppl\u00e9mentaires seront enregistr\u00e9s. Ils ne contiennent pas de donn\u00e9es personnelles et contiennent uniquement l&#039;ID de l&#039;enregistrement que vous avez modifi\u00e9. Ils expirent apr\u00e8s 1 jour.<\/p>\n\n\n\n<h3 class=\"wp-block-heading\">Contenu int\u00e9gr\u00e9 d&#039;autres sites Web<\/h3>\n\n\n\n<p>Les articles de ce site Web peuvent inclure du contenu int\u00e9gr\u00e9 (par exemple des vid\u00e9os, des images, des articles, etc.), ce contenu se comporte de la m\u00eame mani\u00e8re que si le visiteur se rendait sur un autre site.<\/p>\n\n\n\n<p>Ces sites peuvent collecter des informations sur vous, utiliser des cookies pour mettre en \u0153uvre un suivi tiers suppl\u00e9mentaire afin de surveiller votre interaction avec le contenu int\u00e9gr\u00e9, y compris le suivi des interactions, si vous avez un compte et que vous \u00eates connect\u00e9 au site.<\/p>\n\n\n\n<h3 class=\"wp-block-heading\">analyses d&#039;audience Internet<\/h3>\n\n\n\n<p>Nous utilisons uniquement des services d&#039;analyse Web v\u00e9rifi\u00e9s tels que Yandex, Google, Facebook.<\/p>\n\n\n\n<h2 class=\"wp-block-heading\">Avec qui nous partageons vos informations<\/h2>\n\n\n\n<p>Nous utilisons les donn\u00e9es uniquement pour am\u00e9liorer la qualit\u00e9 de service des visiteurs. Les donn\u00e9es \u00e0 des tiers ne sont ni vendues ni divulgu\u00e9es. C\u2019est important pour nous comme si vous utilisiez nos donn\u00e9es.<\/p>\n\n\n\n<h2 class=\"wp-block-heading\">Combien de temps conservons-nous vos donn\u00e9es<\/h2>\n\n\n\n<p>Si vous laissez un commentaire, le commentaire et ses m\u00e9tadonn\u00e9es sont stock\u00e9s ind\u00e9finiment. Ceci est fait afin de d\u00e9terminer et d&#039;approuver automatiquement les commentaires ult\u00e9rieurs, au lieu de les placer dans une file d&#039;attente pour approbation.<\/p>\n\n\n\n<p>Pour les utilisateurs qui s&#039;inscrivent sur notre site Web, nous stockons les informations personnelles qu&#039;ils indiquent dans leur profil. Tous les utilisateurs peuvent voir, modifier ou supprimer les informations de votre profil \u00e0 tout moment (sauf le nom d&#039;utilisateur). L&#039;administration du site Web peut \u00e9galement voir et modifier ces informations.<\/p>\n\n\n\n<h2 class=\"wp-block-heading\">Quels droits avez-vous sur vos donn\u00e9es<\/h2>\n\n\n\n<p>Si vous avez un compte sur le site ou si vous avez laiss\u00e9 des commentaires, vous pouvez demander un fichier d&#039;exportation des donn\u00e9es personnelles que nous avons stock\u00e9es \u00e0 votre sujet, y compris les donn\u00e9es que vous fournissez. Vous pouvez \u00e9galement demander la suppression de ces donn\u00e9es qui n&#039;incluent pas les informations que nous sommes tenus de conserver \u00e0 des fins administratives par la loi ou pour des raisons de s\u00e9curit\u00e9.<\/p>\n\n\n\n<h2 class=\"wp-block-heading\">O\u00f9 nous envoyons vos donn\u00e9es<\/h2>\n\n\n\n<p>Les commentaires et autres informations saisies par l&#039;utilisateur peuvent \u00eatre v\u00e9rifi\u00e9s par les services automatiques de d\u00e9finition du spam, ainsi que par les mesures de service telles que Yandex, Google, Facebook.<\/p>\n\n\n\n<h2 class=\"wp-block-heading\">Vos coordonn\u00e9es<\/h2>\n\n\n\n<p>hello@yanchenwuguan.com<\/p>\n\n\n\n<h2 class=\"wp-block-heading\">Informations Compl\u00e9mentaires<\/h2>\n\n\n\n<h3 class=\"wp-block-heading\">Comment nous prot\u00e9geons vos donn\u00e9es<\/h3>\n\n\n\n<h3 class=\"wp-block-heading\">Quelles proc\u00e9dures sont prises contre le piratage des donn\u00e9es<\/h3>\n\n\n\n<p>Nous utilisons une technologie moderne et une mise \u00e0 niveau logicielle en temps opportun.<\/p>\n\n\n\n<h3 class=\"wp-block-heading\">Tous les tiers que nous recevons<\/h3>\n\n\n\n<p>Nous obtenons les donn\u00e9es trait\u00e9es uniquement \u00e0 partir des m\u00e9triques des services.<\/p>\n\n\n\n<h3 class=\"wp-block-heading\">Quelles d\u00e9cisions automatiques sont prises sur la base des donn\u00e9es utilisateur<\/h3>\n\n\n\n<p>Nous n&#039;acceptons pas de d\u00e9cisions automatis\u00e9es bas\u00e9es sur les donn\u00e9es des utilisateurs.<\/p>\n\n\n\n<h3 class=\"wp-block-heading\">Exigences de divulgation pour les r\u00e9glementations sp\u00e9cifiques \u00e0 l&#039;industrie<\/h3>","protected":false},"excerpt":{"rendered":"<p>General provisions This policy processing of personal data drawn up in accordance with the requirements of the GDPR On personal data\u201d and defines the order of processing of personal data and measures to ensure the security of personal data Traditional Shaolin kung fu Learning Center of master Shi Yanchen (hereinafter \u2013 the Operator). The operator\u2026<\/p>","protected":false},"author":1,"featured_media":0,"parent":0,"menu_order":99,"comment_status":"closed","ping_status":"open","template":"","meta":{"_kad_blocks_custom_css":"","_kad_blocks_head_custom_js":"","_kad_blocks_body_custom_js":"","_kad_blocks_footer_custom_js":"","_kad_post_transparent":"","_kad_post_title":"show","_kad_post_layout":"narrow","_kad_post_sidebar_id":"","_kad_post_content_style":"boxed","_kad_post_vertical_padding":"show","_kad_post_feature":"","_kad_post_feature_position":"","_kad_post_header":false,"_kad_post_footer":false,"_kad_post_classname":"","footnotes":""},"class_list":["post-2903","page","type-page","status-publish","hentry"],"taxonomy_info":[],"featured_image_src_large":false,"author_info":{"display_name":"Support","author_link":"https:\/\/yanchenwuguan.com\/fr\/author\/administr\/"},"comment_info":0,"_links":{"self":[{"href":"https:\/\/yanchenwuguan.com\/fr\/wp-json\/wp\/v2\/pages\/2903","targetHints":{"allow":["GET"]}}],"collection":[{"href":"https:\/\/yanchenwuguan.com\/fr\/wp-json\/wp\/v2\/pages"}],"about":[{"href":"https:\/\/yanchenwuguan.com\/fr\/wp-json\/wp\/v2\/types\/page"}],"author":[{"embeddable":true,"href":"https:\/\/yanchenwuguan.com\/fr\/wp-json\/wp\/v2\/users\/1"}],"replies":[{"embeddable":true,"href":"https:\/\/yanchenwuguan.com\/fr\/wp-json\/wp\/v2\/comments?post=2903"}],"version-history":[{"count":0,"href":"https:\/\/yanchenwuguan.com\/fr\/wp-json\/wp\/v2\/pages\/2903\/revisions"}],"wp:attachment":[{"href":"https:\/\/yanchenwuguan.com\/fr\/wp-json\/wp\/v2\/media?parent=2903"}],"curies":[{"name":"wp","href":"https:\/\/api.w.org\/{rel}","templated":true}]}}