{"id":2985,"date":"2021-01-08T22:13:07","date_gmt":"2021-01-08T14:13:07","guid":{"rendered":"https:\/\/yanchenwuguan.com\/registration\/"},"modified":"2024-07-18T14:26:17","modified_gmt":"2024-07-18T06:26:17","slug":"registration-form","status":"publish","type":"page","link":"https:\/\/yanchenwuguan.com\/fr\/registration-form\/","title":{"rendered":"Registration form"},"content":{"rendered":"<h3 class=\"wp-block-heading\">Dear student<\/h3>\n\n\n\n<p>You have already received all the necessary documents from us. And you are already going to school with us in the next few days. You are probably already looking at what to bring with you. For that you can look at the corresponding article from the <a href=\"https:\/\/yanchenwuguan.com\/fr\/docs\/road\/\" data-type=\"docs\" data-id=\"3645\">knowledge base<\/a>.<\/p>\n\n\n\n<p>We need to get ready, too. Pick the size of the form, apply for your registration, which is required by Chinese law.<\/p>\n\n\n\n<p>Please fill out your personal information so that our meeting will go smoothly.<\/p>","protected":false},"excerpt":{"rendered":"<p>Cher \u00e9tudiant, vous avez d\u00e9j\u00e0 re\u00e7u tous les documents n\u00e9cessaires. Vous int\u00e9grerez notre \u00e9cole dans les prochains jours. Vous r\u00e9fl\u00e9chissez probablement d\u00e9j\u00e0 \u00e0 ce que vous devez apporter. Pour cela, consultez l&#039;article correspondant dans la base de connaissances. Nous devons nous pr\u00e9parer\u2026<\/p>","protected":false},"author":1,"featured_media":2986,"parent":0,"menu_order":3,"comment_status":"closed","ping_status":"closed","template":"","meta":{"_kad_blocks_custom_css":"","_kad_blocks_head_custom_js":"","_kad_blocks_body_custom_js":"","_kad_blocks_footer_custom_js":"","_kad_post_transparent":"","_kad_post_title":"show","_kad_post_layout":"narrow","_kad_post_sidebar_id":"","_kad_post_content_style":"boxed","_kad_post_vertical_padding":"show","_kad_post_feature":"","_kad_post_feature_position":"","_kad_post_header":false,"_kad_post_footer":false,"_kad_post_classname":"","footnotes":""},"class_list":["post-2985","page","type-page","status-publish","has-post-thumbnail","hentry"],"taxonomy_info":[],"featured_image_src_large":["https:\/\/yanchenwuguan.com\/wp-content\/uploads\/2024\/01\/yanchenwuguan-registration-in-shaolin-school-1-1024x576.jpg",1024,576,true],"author_info":{"display_name":"Support","author_link":"https:\/\/yanchenwuguan.com\/fr\/author\/administr\/"},"comment_info":0,"_links":{"self":[{"href":"https:\/\/yanchenwuguan.com\/fr\/wp-json\/wp\/v2\/pages\/2985","targetHints":{"allow":["GET"]}}],"collection":[{"href":"https:\/\/yanchenwuguan.com\/fr\/wp-json\/wp\/v2\/pages"}],"about":[{"href":"https:\/\/yanchenwuguan.com\/fr\/wp-json\/wp\/v2\/types\/page"}],"author":[{"embeddable":true,"href":"https:\/\/yanchenwuguan.com\/fr\/wp-json\/wp\/v2\/users\/1"}],"replies":[{"embeddable":true,"href":"https:\/\/yanchenwuguan.com\/fr\/wp-json\/wp\/v2\/comments?post=2985"}],"version-history":[{"count":0,"href":"https:\/\/yanchenwuguan.com\/fr\/wp-json\/wp\/v2\/pages\/2985\/revisions"}],"wp:featuredmedia":[{"embeddable":true,"href":"https:\/\/yanchenwuguan.com\/fr\/wp-json\/wp\/v2\/media\/2986"}],"wp:attachment":[{"href":"https:\/\/yanchenwuguan.com\/fr\/wp-json\/wp\/v2\/media?parent=2985"}],"curies":[{"name":"wp","href":"https:\/\/api.w.org\/{rel}","templated":true}]}}