{"id":2987,"date":"2021-09-30T07:10:03","date_gmt":"2021-09-29T23:10:03","guid":{"rendered":"https:\/\/yanchenwuguan.com\/refund-policy\/"},"modified":"2026-04-17T19:03:35","modified_gmt":"2026-04-17T11:03:35","slug":"politique-de-remboursement","status":"publish","type":"page","link":"https:\/\/yanchenwuguan.com\/fr\/refund-policy\/","title":{"rendered":"Politique de remboursement"},"content":{"rendered":"<h2 class=\"wp-block-heading\">Politiques de d\u00e9p\u00f4t<\/h2>\n\n\n\n<p>Le paiement de l'acompte s'effectue par un virement sur notre compte PayPal officiel d'un montant de <a href=\"https:\/\/www.paypal.com\/paypalme\/yanchenwuguan\/100\" data-type=\"URL\" data-id=\"https:\/\/www.paypal.com\/paypalme\/yanchenwuguan\/100\" target=\"_blank\" rel=\"noreferrer noopener nofollow\">100USD<\/a>.<\/p>\n\n\n\n<p>L'acompte vers\u00e9 \u00e0 la r\u00e9servation vous garantit :<\/p>\n\n\n\n<ul class=\"wp-block-list\">\n<li>1 r\u00e9servation de lit,<\/li>\n\n\n\n<li>assistance par courrier \u00e9lectronique, <\/li>\n\n\n\n<li>r\u00e9diger une invitation pour le consulat.<\/li>\n<\/ul>\n\n\n\n<p>L&#039;acompte est non remboursable, mais est valable un an jusqu&#039;au 31 d\u00e9cembre de l&#039;ann\u00e9e du paiement, avec possibilit\u00e9 de modifier la date d&#039;arriv\u00e9e.<\/p>\n\n\n\n<p><span style=\"text-decoration: underline;\">Exemple 1:<\/span> Vous aviez pr\u00e9vu de venir chez nous le 1er ao\u00fbt 2023 et avez vers\u00e9 un acompte. Vos projets ont chang\u00e9 et vous souhaitez changer la date au 1er septembre 2023.  <\/p>\n\n\n\n<p><span style=\"text-decoration: underline;\">R\u00e9pondre<\/span>: Pas de probl\u00e8me, si vous nous pr\u00e9venez 2 semaines \u00e0 l&#039;avance, vous n&#039;aurez plus \u00e0 payer la caution. De plus, vous pouvez modifier la date autant de fois que vous le souhaitez \u00e0 condition que la date d&#039;arriv\u00e9e soit avant le 31 d\u00e9cembre 2023. <\/p>\n\n\n\n<p><span style=\"text-decoration: underline;\">Exemple 2<\/span>: Vous aviez pr\u00e9vu de venir chez nous le 1er ao\u00fbt 2023 et avez pay\u00e9 l&#039;acompte. Vos projets ont chang\u00e9 et vous souhaitez changer la date au 1er ao\u00fbt 2024. <\/p>\n\n\n\n<p><span style=\"text-decoration: underline;\">R\u00e9pondre<\/span>: Dans ce cas, en 2024, vous devrez effectuer une nouvelle r\u00e9servation et payer un nouvel acompte. <\/p>\n\n\n\n<h2 class=\"wp-block-heading\">Politiques d&#039;annulation<\/h2>\n\n\n\n<p>Tous les paiements effectu\u00e9s, y compris l'acompte, sont non remboursables. Le paiement confirme la r\u00e9servation de votre place et l'organisation de votre participation au programme, ainsi aucun remboursement n'est effectu\u00e9 quelles que soient les circonstances de l'annulation.<\/p>","protected":false},"excerpt":{"rendered":"<p>Deposit policies Payment of the booking deposit is made by transferring to our official PayPal account the sum of 100USD. The booking deposit guarantees you: The deposit is non-refundable, but is valid for one year until December 31 of the year of payment, with the possibility of changing the date of arrival. Example 1: You&#8230;<\/p>","protected":false},"author":1,"featured_media":0,"parent":0,"menu_order":99,"comment_status":"closed","ping_status":"open","template":"","meta":{"_kad_blocks_custom_css":"","_kad_blocks_head_custom_js":"","_kad_blocks_body_custom_js":"","_kad_blocks_footer_custom_js":"","_kad_post_transparent":"","_kad_post_title":"show","_kad_post_layout":"narrow","_kad_post_sidebar_id":"","_kad_post_content_style":"boxed","_kad_post_vertical_padding":"show","_kad_post_feature":"","_kad_post_feature_position":"","_kad_post_header":false,"_kad_post_footer":false,"_kad_post_classname":"","footnotes":""},"class_list":["post-2987","page","type-page","status-publish","hentry"],"taxonomy_info":[],"featured_image_src_large":false,"author_info":{"display_name":"Support","author_link":"https:\/\/yanchenwuguan.com\/fr\/author\/administr\/"},"comment_info":0,"_links":{"self":[{"href":"https:\/\/yanchenwuguan.com\/fr\/wp-json\/wp\/v2\/pages\/2987","targetHints":{"allow":["GET"]}}],"collection":[{"href":"https:\/\/yanchenwuguan.com\/fr\/wp-json\/wp\/v2\/pages"}],"about":[{"href":"https:\/\/yanchenwuguan.com\/fr\/wp-json\/wp\/v2\/types\/page"}],"author":[{"embeddable":true,"href":"https:\/\/yanchenwuguan.com\/fr\/wp-json\/wp\/v2\/users\/1"}],"replies":[{"embeddable":true,"href":"https:\/\/yanchenwuguan.com\/fr\/wp-json\/wp\/v2\/comments?post=2987"}],"version-history":[{"count":2,"href":"https:\/\/yanchenwuguan.com\/fr\/wp-json\/wp\/v2\/pages\/2987\/revisions"}],"predecessor-version":[{"id":14191,"href":"https:\/\/yanchenwuguan.com\/fr\/wp-json\/wp\/v2\/pages\/2987\/revisions\/14191"}],"wp:attachment":[{"href":"https:\/\/yanchenwuguan.com\/fr\/wp-json\/wp\/v2\/media?parent=2987"}],"curies":[{"name":"wp","href":"https:\/\/api.w.org\/{rel}","templated":true}]}}